{"id":273,"date":"2014-08-02T00:15:18","date_gmt":"2014-08-01T23:15:18","guid":{"rendered":"http:\/\/gsfm.ch\/projet\/?page_id=273"},"modified":"2016-02-28T13:07:24","modified_gmt":"2016-02-28T12:07:24","slug":"unites","status":"publish","type":"page","link":"https:\/\/gsfm.ch\/projet\/unites\/","title":{"rendered":"Unit\u00e9s"},"content":{"rendered":"<p>[et_pb_section admin_label=\u00a0\u00bbSection\u00a0\u00bb fullwidth=\u00a0\u00bbon\u00a0\u00bb specialty=\u00a0\u00bboff\u00a0\u00bb transparent_background=\u00a0\u00bboff\u00a0\u00bb background_color=\u00a0\u00bb#53b538&Prime; allow_player_pause=\u00a0\u00bboff\u00a0\u00bb inner_shadow=\u00a0\u00bboff\u00a0\u00bb parallax=\u00a0\u00bboff\u00a0\u00bb parallax_method=\u00a0\u00bboff\u00a0\u00bb padding_mobile=\u00a0\u00bboff\u00a0\u00bb make_fullwidth=\u00a0\u00bboff\u00a0\u00bb use_custom_width=\u00a0\u00bboff\u00a0\u00bb width_unit=\u00a0\u00bbon\u00a0\u00bb make_equal=\u00a0\u00bboff\u00a0\u00bb use_custom_gutter=\u00a0\u00bboff\u00a0\u00bb][et_pb_fullwidth_header admin_label=\u00a0\u00bbFullwidth Header\u00a0\u00bb title=\u00a0\u00bbUnit\u00e9s\u00a0\u00bb background_layout=\u00a0\u00bbdark\u00a0\u00bb text_orientation=\u00a0\u00bbcenter\u00a0\u00bb header_fullscreen=\u00a0\u00bboff\u00a0\u00bb header_scroll_down=\u00a0\u00bboff\u00a0\u00bb parallax=\u00a0\u00bboff\u00a0\u00bb parallax_method=\u00a0\u00bboff\u00a0\u00bb content_orientation=\u00a0\u00bbcenter\u00a0\u00bb image_orientation=\u00a0\u00bbcenter\u00a0\u00bb custom_button_one=\u00a0\u00bboff\u00a0\u00bb button_one_letter_spacing=\u00a0\u00bb0&Prime; button_one_use_icon=\u00a0\u00bbdefault\u00a0\u00bb button_one_icon_placement=\u00a0\u00bbright\u00a0\u00bb button_one_on_hover=\u00a0\u00bbon\u00a0\u00bb button_one_letter_spacing_hover=\u00a0\u00bb0&Prime; custom_button_two=\u00a0\u00bboff\u00a0\u00bb button_two_letter_spacing=\u00a0\u00bb0&Prime; button_two_use_icon=\u00a0\u00bbdefault\u00a0\u00bb button_two_icon_placement=\u00a0\u00bbright\u00a0\u00bb button_two_on_hover=\u00a0\u00bbon\u00a0\u00bb button_two_letter_spacing_hover=\u00a0\u00bb0&Prime;] [\/et_pb_fullwidth_header][\/et_pb_section][et_pb_section admin_label=\u00a0\u00bbsection\u00a0\u00bb][et_pb_row admin_label=\u00a0\u00bbrow\u00a0\u00bb][et_pb_column type=\u00a0\u00bb1_3&Prime;][et_pb_text admin_label=\u00a0\u00bbText\u00a0\u00bb background_layout=\u00a0\u00bblight\u00a0\u00bb text_orientation=\u00a0\u00bbleft\u00a0\u00bb use_border_color=\u00a0\u00bboff\u00a0\u00bb border_color=\u00a0\u00bb#ffffff\u00a0\u00bb border_style=\u00a0\u00bbsolid\u00a0\u00bb]<\/p>\n<p style=\"text-align: justify;\">Comme expos\u00e9 sur la page \u00ab\u00a0<span style=\"color: #008000;\"><a style=\"color: #008000;\" href=\"https:\/\/gsfm.ch\/projet\/groupe\/fonctionnement\/\"><span style=\"text-decoration: underline;\">fonctionnement<\/span><\/a><\/span>\u00a0\u00bb du groupe, celui-ci est s\u00e9par\u00e9 en plusieurs unit\u00e9s. Vous trouverez sur la page de chacune d&rsquo;entre elles des informations plus pr\u00e9cises quant \u00e0 son fonctionnement, aux prochaines r\u00e9unions, \u00e0 sa composition, etc. N&rsquo;h\u00e9sitez pas \u00e0 contacter les chefs respectifs \u00e0 l&rsquo;aide du formulaire que vous trouverez en bas de chaque page si vous avez des questions sp\u00e9cifiques.<\/p>\n<p>[\/et_pb_text][\/et_pb_column][et_pb_column type=\u00a0\u00bb1_3&Prime;][et_pb_blurb admin_label=\u00a0\u00bbBlurb Arlequins\u00a0\u00bb title=\u00a0\u00bbArlequins\u00a0\u00bb url=\u00a0\u00bbhttps:\/\/gsfm.ch\/projet\/unites\/arlequins\/\u00a0\u00bb url_new_window=\u00a0\u00bboff\u00a0\u00bb use_icon=\u00a0\u00bbon\u00a0\u00bb font_icon=\u00a0\u00bb%%194%%\u00a0\u00bb icon_color=\u00a0\u00bb#1e73be\u00a0\u00bb use_circle=\u00a0\u00bboff\u00a0\u00bb circle_color=\u00a0\u00bb#287a16&Prime; use_circle_border=\u00a0\u00bboff\u00a0\u00bb circle_border_color=\u00a0\u00bb#287a16&Prime; icon_placement=\u00a0\u00bbleft\u00a0\u00bb animation=\u00a0\u00bboff\u00a0\u00bb background_layout=\u00a0\u00bblight\u00a0\u00bb text_orientation=\u00a0\u00bbleft\u00a0\u00bb use_icon_font_size=\u00a0\u00bboff\u00a0\u00bb use_border_color=\u00a0\u00bboff\u00a0\u00bb border_color=\u00a0\u00bb#ffffff\u00a0\u00bb border_style=\u00a0\u00bbsolid\u00a0\u00bb]<\/p>\n<p>Vers la page des arlequins.<\/p>\n<p>[\/et_pb_blurb][et_pb_blurb admin_label=\u00a0\u00bbBlurb Lutins\u00a0\u00bb title=\u00a0\u00bbLutins\u00a0\u00bb url=\u00a0\u00bbhttps:\/\/gsfm.ch\/projet\/unites\/lutins\/\u00a0\u00bb url_new_window=\u00a0\u00bboff\u00a0\u00bb use_icon=\u00a0\u00bbon\u00a0\u00bb icon_color=\u00a0\u00bb#1e73be\u00a0\u00bb use_circle=\u00a0\u00bboff\u00a0\u00bb circle_color=\u00a0\u00bb#287a16&Prime; use_circle_border=\u00a0\u00bboff\u00a0\u00bb circle_border_color=\u00a0\u00bb#287a16&Prime; icon_placement=\u00a0\u00bbleft\u00a0\u00bb animation=\u00a0\u00bboff\u00a0\u00bb background_layout=\u00a0\u00bblight\u00a0\u00bb text_orientation=\u00a0\u00bbleft\u00a0\u00bb use_icon_font_size=\u00a0\u00bboff\u00a0\u00bb use_border_color=\u00a0\u00bboff\u00a0\u00bb border_color=\u00a0\u00bb#ffffff\u00a0\u00bb border_style=\u00a0\u00bbsolid\u00a0\u00bb font_icon=\u00a0\u00bb%%194%%\u00a0\u00bb]<\/p>\n<p>Vers la page des lutins.<\/p>\n<p>[\/et_pb_blurb][et_pb_blurb admin_label=\u00a0\u00bbBlurb Louveteaux\u00a0\u00bb title=\u00a0\u00bbLouveteaux\u00a0\u00bb url=\u00a0\u00bbhttps:\/\/gsfm.ch\/projet\/unites\/louveteaux\/\u00a0\u00bb url_new_window=\u00a0\u00bboff\u00a0\u00bb use_icon=\u00a0\u00bbon\u00a0\u00bb icon_color=\u00a0\u00bb#1e73be\u00a0\u00bb use_circle=\u00a0\u00bboff\u00a0\u00bb circle_color=\u00a0\u00bb#287a16&Prime; use_circle_border=\u00a0\u00bboff\u00a0\u00bb circle_border_color=\u00a0\u00bb#287a16&Prime; icon_placement=\u00a0\u00bbleft\u00a0\u00bb animation=\u00a0\u00bboff\u00a0\u00bb background_layout=\u00a0\u00bblight\u00a0\u00bb text_orientation=\u00a0\u00bbleft\u00a0\u00bb use_icon_font_size=\u00a0\u00bboff\u00a0\u00bb use_border_color=\u00a0\u00bboff\u00a0\u00bb border_color=\u00a0\u00bb#ffffff\u00a0\u00bb border_style=\u00a0\u00bbsolid\u00a0\u00bb font_icon=\u00a0\u00bb%%194%%\u00a0\u00bb]<\/p>\n<p>Vers la page des louveteaux.<\/p>\n<p>[\/et_pb_blurb][et_pb_blurb admin_label=\u00a0\u00bbBlurb Reuses\u00a0\u00bb title=\u00a0\u00bbEclaireuses\u00a0\u00bb url=\u00a0\u00bbhttps:\/\/gsfm.ch\/projet\/unites\/eclaireuses\/\u00a0\u00bb url_new_window=\u00a0\u00bboff\u00a0\u00bb use_icon=\u00a0\u00bbon\u00a0\u00bb font_icon=\u00a0\u00bb%%194%%\u00a0\u00bb icon_color=\u00a0\u00bb#edd38c\u00a0\u00bb use_circle=\u00a0\u00bboff\u00a0\u00bb circle_color=\u00a0\u00bb#287a16&Prime; use_circle_border=\u00a0\u00bboff\u00a0\u00bb circle_border_color=\u00a0\u00bb#287a16&Prime; icon_placement=\u00a0\u00bbleft\u00a0\u00bb animation=\u00a0\u00bboff\u00a0\u00bb background_layout=\u00a0\u00bblight\u00a0\u00bb text_orientation=\u00a0\u00bbleft\u00a0\u00bb use_icon_font_size=\u00a0\u00bboff\u00a0\u00bb use_border_color=\u00a0\u00bboff\u00a0\u00bb border_color=\u00a0\u00bb#ffffff\u00a0\u00bb border_style=\u00a0\u00bbsolid\u00a0\u00bb] [\/et_pb_blurb][\/et_pb_column][et_pb_column type=\u00a0\u00bb1_3&Prime;][et_pb_blurb admin_label=\u00a0\u00bbBlurb Eclais\u00a0\u00bb title=\u00a0\u00bbEclaireurs\u00a0\u00bb url=\u00a0\u00bbhttps:\/\/gsfm.ch\/projet\/unites\/eclaireurs\/\u00a0\u00bb url_new_window=\u00a0\u00bboff\u00a0\u00bb use_icon=\u00a0\u00bbon\u00a0\u00bb icon_color=\u00a0\u00bb#edd38c\u00a0\u00bb use_circle=\u00a0\u00bboff\u00a0\u00bb circle_color=\u00a0\u00bb#287a16&Prime; use_circle_border=\u00a0\u00bboff\u00a0\u00bb circle_border_color=\u00a0\u00bb#287a16&Prime; icon_placement=\u00a0\u00bbleft\u00a0\u00bb animation=\u00a0\u00bboff\u00a0\u00bb background_layout=\u00a0\u00bblight\u00a0\u00bb text_orientation=\u00a0\u00bbleft\u00a0\u00bb use_icon_font_size=\u00a0\u00bboff\u00a0\u00bb use_border_color=\u00a0\u00bboff\u00a0\u00bb border_color=\u00a0\u00bb#ffffff\u00a0\u00bb border_style=\u00a0\u00bbsolid\u00a0\u00bb font_icon=\u00a0\u00bb%%194%%\u00a0\u00bb]<\/p>\n<p>Vers la page des \u00e9claireurs.<\/p>\n<p>[\/et_pb_blurb][et_pb_blurb admin_label=\u00a0\u00bbBlurb PiCos\u00a0\u00bb title=\u00a0\u00bbPiCos\u00a0\u00bb url=\u00a0\u00bbhttps:\/\/gsfm.ch\/projet\/unites\/picos\/\u00a0\u00bb url_new_window=\u00a0\u00bboff\u00a0\u00bb use_icon=\u00a0\u00bbon\u00a0\u00bb icon_color=\u00a0\u00bb#ff0000&Prime; use_circle=\u00a0\u00bboff\u00a0\u00bb circle_color=\u00a0\u00bb#287a16&Prime; use_circle_border=\u00a0\u00bboff\u00a0\u00bb circle_border_color=\u00a0\u00bb#287a16&Prime; icon_placement=\u00a0\u00bbleft\u00a0\u00bb animation=\u00a0\u00bboff\u00a0\u00bb background_layout=\u00a0\u00bblight\u00a0\u00bb text_orientation=\u00a0\u00bbleft\u00a0\u00bb use_icon_font_size=\u00a0\u00bboff\u00a0\u00bb use_border_color=\u00a0\u00bboff\u00a0\u00bb border_color=\u00a0\u00bb#ffffff\u00a0\u00bb border_style=\u00a0\u00bbsolid\u00a0\u00bb font_icon=\u00a0\u00bb%%194%%\u00a0\u00bb]<\/p>\n<p>Vers la page des PiCos.<\/p>\n<p>[\/et_pb_blurb][et_pb_blurb admin_label=\u00a0\u00bbBlurb Chefs\u00a0\u00bb title=\u00a0\u00bbChefs\u00a0\u00bb url=\u00a0\u00bbhttps:\/\/gsfm.ch\/projet\/unites\/chefs\/\u00a0\u00bb url_new_window=\u00a0\u00bboff\u00a0\u00bb use_icon=\u00a0\u00bbon\u00a0\u00bb icon_color=\u00a0\u00bb#27b500&Prime; use_circle=\u00a0\u00bboff\u00a0\u00bb circle_color=\u00a0\u00bb#287a16&Prime; use_circle_border=\u00a0\u00bboff\u00a0\u00bb circle_border_color=\u00a0\u00bb#287a16&Prime; icon_placement=\u00a0\u00bbleft\u00a0\u00bb animation=\u00a0\u00bboff\u00a0\u00bb background_layout=\u00a0\u00bblight\u00a0\u00bb text_orientation=\u00a0\u00bbleft\u00a0\u00bb use_icon_font_size=\u00a0\u00bboff\u00a0\u00bb use_border_color=\u00a0\u00bboff\u00a0\u00bb border_color=\u00a0\u00bb#ffffff\u00a0\u00bb border_style=\u00a0\u00bbsolid\u00a0\u00bb font_icon=\u00a0\u00bb%%194%%\u00a0\u00bb]<\/p>\n<p>Vers la page des chefs.<\/p>\n<p>[\/et_pb_blurb][et_pb_blurb admin_label=\u00a0\u00bbBlurb Routiers\u00a0\u00bb title=\u00a0\u00bbRoutiers\u00a0\u00bb url=\u00a0\u00bbhttps:\/\/gsfm.ch\/projet\/unites\/routiers\/\u00a0\u00bb url_new_window=\u00a0\u00bboff\u00a0\u00bb use_icon=\u00a0\u00bbon\u00a0\u00bb font_icon=\u00a0\u00bb%%194%%\u00a0\u00bb icon_color=\u00a0\u00bb#27b500&Prime; use_circle=\u00a0\u00bboff\u00a0\u00bb circle_color=\u00a0\u00bb#287a16&Prime; use_circle_border=\u00a0\u00bboff\u00a0\u00bb circle_border_color=\u00a0\u00bb#287a16&Prime; icon_placement=\u00a0\u00bbleft\u00a0\u00bb animation=\u00a0\u00bboff\u00a0\u00bb background_layout=\u00a0\u00bblight\u00a0\u00bb text_orientation=\u00a0\u00bbleft\u00a0\u00bb use_icon_font_size=\u00a0\u00bboff\u00a0\u00bb use_border_color=\u00a0\u00bboff\u00a0\u00bb border_color=\u00a0\u00bb#ffffff\u00a0\u00bb border_style=\u00a0\u00bbsolid\u00a0\u00bb] [\/et_pb_blurb][\/et_pb_column][\/et_pb_row][\/et_pb_section]<\/p>\n","protected":false},"excerpt":{"rendered":"<p>Comme expos\u00e9 sur la page \u00ab\u00a0fonctionnement\u00a0\u00bb du groupe, celui-ci est s\u00e9par\u00e9 en plusieurs unit\u00e9s. Vous trouverez sur la page de chacune d&rsquo;entre elles des informations plus pr\u00e9cises quant \u00e0 son fonctionnement, aux prochaines r\u00e9unions, \u00e0 sa composition, etc. N&rsquo;h\u00e9sitez pas \u00e0 contacter les chefs respectifs \u00e0 l&rsquo;aide du formulaire que vous trouverez en bas de [&hellip;]<\/p>\n","protected":false},"author":1,"featured_media":0,"parent":0,"menu_order":0,"comment_status":"open","ping_status":"closed","template":"","meta":{"_et_pb_use_builder":"on","_et_pb_old_content":"<p>[et_pb_section][et_pb_row][et_pb_column type=\"3_4\"][et_pb_text admin_label=\"Text\" background_layout=\"light\" text_orientation=\"left\"]<\/p><p>Le GSFM compte 7 unit\u00e9s: les louveteaux, lutins, \u00e9claireurs, \u00e9claireuses, PiCos, chefs et routiers.<\/p><p>Pour acc\u00e9der \u00e0 la page de chaque unit\u00e9, cliquez sur le nom de celle qui vous int\u00e9resse dans la liste sur la droite!<\/p><p>[\/et_pb_text][\/et_pb_column][et_pb_column type=\"1_4\"][et_pb_text admin_label=\"Text\" background_layout=\"light\" text_orientation=\"left\"]<\/p><p><a title=\"PiCos\" href=\"https:\/\/gsfm.ch\/projet\/unitees\/240-2\/\">[box]Lutins\u00a0 <\/a><\/p><p><a title=\"PiCos\" href=\"https:\/\/gsfm.ch\/projet\/unitees\/240-2\/\">Louveteaux<\/a><\/p><p><a title=\"PiCos\" href=\"https:\/\/gsfm.ch\/projet\/unitees\/240-2\/\">Eclaireuses<\/a><\/p><p><a title=\"PiCos\" href=\"https:\/\/gsfm.ch\/projet\/unitees\/240-2\/\">Eclaireurs<\/a><\/p><p><a title=\"PiCos\" href=\"https:\/\/gsfm.ch\/projet\/unitees\/240-2\/\">PiCos<\/a><\/p><p>Chefs<\/p><p>Routiers <a title=\"Lutins\" href=\"https:\/\/gsfm.ch\/projet\/unitees\/lutins\/\">[\/box]<br \/> <\/a><\/p><p>[\/et_pb_text][\/et_pb_column][\/et_pb_row][\/et_pb_section]<\/p>","_et_gb_content_width":"","footnotes":""},"class_list":["post-273","page","type-page","status-publish","hentry"],"_links":{"self":[{"href":"https:\/\/gsfm.ch\/projet\/wp-json\/wp\/v2\/pages\/273","targetHints":{"allow":["GET"]}}],"collection":[{"href":"https:\/\/gsfm.ch\/projet\/wp-json\/wp\/v2\/pages"}],"about":[{"href":"https:\/\/gsfm.ch\/projet\/wp-json\/wp\/v2\/types\/page"}],"author":[{"embeddable":true,"href":"https:\/\/gsfm.ch\/projet\/wp-json\/wp\/v2\/users\/1"}],"replies":[{"embeddable":true,"href":"https:\/\/gsfm.ch\/projet\/wp-json\/wp\/v2\/comments?post=273"}],"version-history":[{"count":0,"href":"https:\/\/gsfm.ch\/projet\/wp-json\/wp\/v2\/pages\/273\/revisions"}],"wp:attachment":[{"href":"https:\/\/gsfm.ch\/projet\/wp-json\/wp\/v2\/media?parent=273"}],"curies":[{"name":"wp","href":"https:\/\/api.w.org\/{rel}","templated":true}]}}