{"id":4828,"date":"2015-09-12T15:54:15","date_gmt":"2015-09-12T14:54:15","guid":{"rendered":"http:\/\/gsfm.ch\/projet\/?page_id=4828"},"modified":"2016-02-28T11:41:01","modified_gmt":"2016-02-28T10:41:01","slug":"arlequins","status":"publish","type":"page","link":"https:\/\/gsfm.ch\/projet\/unites\/arlequins\/","title":{"rendered":"Arlequins"},"content":{"rendered":"<p>[et_pb_section admin_label=\u00a0\u00bbsection\u00a0\u00bb transparent_background=\u00a0\u00bboff\u00a0\u00bb background_color=\u00a0\u00bb#bbccff\u00a0\u00bb allow_player_pause=\u00a0\u00bboff\u00a0\u00bb inner_shadow=\u00a0\u00bboff\u00a0\u00bb parallax=\u00a0\u00bboff\u00a0\u00bb parallax_method=\u00a0\u00bboff\u00a0\u00bb padding_mobile=\u00a0\u00bboff\u00a0\u00bb make_fullwidth=\u00a0\u00bboff\u00a0\u00bb use_custom_width=\u00a0\u00bboff\u00a0\u00bb width_unit=\u00a0\u00bbon\u00a0\u00bb make_equal=\u00a0\u00bboff\u00a0\u00bb use_custom_gutter=\u00a0\u00bboff\u00a0\u00bb][et_pb_row admin_label=\u00a0\u00bbrow\u00a0\u00bb make_fullwidth=\u00a0\u00bboff\u00a0\u00bb use_custom_width=\u00a0\u00bboff\u00a0\u00bb width_unit=\u00a0\u00bbon\u00a0\u00bb use_custom_gutter=\u00a0\u00bboff\u00a0\u00bb padding_mobile=\u00a0\u00bboff\u00a0\u00bb allow_player_pause=\u00a0\u00bboff\u00a0\u00bb parallax=\u00a0\u00bboff\u00a0\u00bb parallax_method=\u00a0\u00bboff\u00a0\u00bb make_equal=\u00a0\u00bboff\u00a0\u00bb parallax_1=\u00a0\u00bboff\u00a0\u00bb parallax_method_1=\u00a0\u00bboff\u00a0\u00bb column_padding_mobile=\u00a0\u00bbon\u00a0\u00bb][et_pb_column type=\u00a0\u00bb1_2&Prime;][et_pb_text admin_label=\u00a0\u00bbText\u00a0\u00bb background_layout=\u00a0\u00bblight\u00a0\u00bb text_orientation=\u00a0\u00bbleft\u00a0\u00bb use_border_color=\u00a0\u00bboff\u00a0\u00bb border_color=\u00a0\u00bb#ffffff\u00a0\u00bb border_style=\u00a0\u00bbsolid\u00a0\u00bb]<\/p>\n<h2 style=\"text-align: justify;\">Bienvenue sur la page des arlequins!<\/h2>\n<p>&nbsp;<\/p>\n<p style=\"text-align: justify;\">L&rsquo;unit\u00e9 des arlequins est l&rsquo;unit\u00e9 des Scouts Malgr\u00e9 Tout (SMT). Elle s&rsquo;adresse aux enfants, aux jeunes ou aux jeunes adultes qui pr\u00e9sentent un handicap physique ou mental. Le but est de d\u00e9velopper leurs comp\u00e9tences et leurs capacit\u00e9s en leur proposant des activit\u00e9s flexibles adapt\u00e9es \u00e0 leurs besoins, mais aussi en les int\u00e9grant \u00e0 des activit\u00e9s avec le reste du groupe lors des camps par exemple.<\/p>\n<p style=\"text-align: justify;\">L&rsquo;unit\u00e9 a longtemps \u00e9t\u00e9 active \u00e0 Marly, mais a malheureusement disparu en 2012 par manque d&rsquo;effectifs. A ce jour, elle n&rsquo;a pas \u00e9t\u00e9 reform\u00e9e.<\/p>\n<p>[\/et_pb_text][\/et_pb_column][et_pb_column type=\u00a0\u00bb1_2&Prime;][et_pb_image admin_label=\u00a0\u00bbImage\u00a0\u00bb src=\u00a0\u00bbhttps:\/\/gsfm.ch\/projet\/wp-content\/uploads\/2015\/09\/preview.png.jpg\u00a0\u00bb show_in_lightbox=\u00a0\u00bboff\u00a0\u00bb url_new_window=\u00a0\u00bboff\u00a0\u00bb use_overlay=\u00a0\u00bboff\u00a0\u00bb animation=\u00a0\u00bbleft\u00a0\u00bb sticky=\u00a0\u00bboff\u00a0\u00bb align=\u00a0\u00bbleft\u00a0\u00bb force_fullwidth=\u00a0\u00bboff\u00a0\u00bb always_center_on_mobile=\u00a0\u00bbon\u00a0\u00bb use_border_color=\u00a0\u00bboff\u00a0\u00bb border_color=\u00a0\u00bb#ffffff\u00a0\u00bb border_style=\u00a0\u00bbsolid\u00a0\u00bb \/][\/et_pb_column][\/et_pb_row][\/et_pb_section]<\/p>\n","protected":false},"excerpt":{"rendered":"<p>Bienvenue sur la page des arlequins! &nbsp; L&rsquo;unit\u00e9 des arlequins est l&rsquo;unit\u00e9 des Scouts Malgr\u00e9 Tout (SMT). Elle s&rsquo;adresse aux enfants, aux jeunes ou aux jeunes adultes qui pr\u00e9sentent un handicap physique ou mental. Le but est de d\u00e9velopper leurs comp\u00e9tences et leurs capacit\u00e9s en leur proposant des activit\u00e9s flexibles adapt\u00e9es \u00e0 leurs besoins, mais [&hellip;]<\/p>\n","protected":false},"author":1,"featured_media":0,"parent":273,"menu_order":0,"comment_status":"closed","ping_status":"closed","template":"","meta":{"_et_pb_use_builder":"on","_et_pb_old_content":"","_et_gb_content_width":"","footnotes":""},"class_list":["post-4828","page","type-page","status-publish","hentry"],"_links":{"self":[{"href":"https:\/\/gsfm.ch\/projet\/wp-json\/wp\/v2\/pages\/4828","targetHints":{"allow":["GET"]}}],"collection":[{"href":"https:\/\/gsfm.ch\/projet\/wp-json\/wp\/v2\/pages"}],"about":[{"href":"https:\/\/gsfm.ch\/projet\/wp-json\/wp\/v2\/types\/page"}],"author":[{"embeddable":true,"href":"https:\/\/gsfm.ch\/projet\/wp-json\/wp\/v2\/users\/1"}],"replies":[{"embeddable":true,"href":"https:\/\/gsfm.ch\/projet\/wp-json\/wp\/v2\/comments?post=4828"}],"version-history":[{"count":0,"href":"https:\/\/gsfm.ch\/projet\/wp-json\/wp\/v2\/pages\/4828\/revisions"}],"up":[{"embeddable":true,"href":"https:\/\/gsfm.ch\/projet\/wp-json\/wp\/v2\/pages\/273"}],"wp:attachment":[{"href":"https:\/\/gsfm.ch\/projet\/wp-json\/wp\/v2\/media?parent=4828"}],"curies":[{"name":"wp","href":"https:\/\/api.w.org\/{rel}","templated":true}]}}